{"id":205267,"date":"2025-12-18T18:45:59","date_gmt":"2025-12-18T15:45:59","guid":{"rendered":"https:\/\/gomla.sa\/product\/uriage-hyseac-sos-spot-control-paste-oily-skin-with-blemishes-15g\/"},"modified":"2025-12-18T18:48:20","modified_gmt":"2025-12-18T15:48:20","slug":"uriage-hyseac-sos-spot-control-paste-oily-skin-with-blemishes-15g","status":"publish","type":"product","link":"https:\/\/gomla.sa\/en\/product\/uriage-hyseac-sos-spot-control-paste-oily-skin-with-blemishes-15g\/","title":{"rendered":"Uriage Hys\u00e9ac Sos Spot Control Paste Oily Skin With Blemishes, 15G"},"content":{"rendered":"<p>Uriage Hys\u00e9ac Intensive Night Cream for Purifying and Acne-Treating Face 15g  Uriage Hys\u00e9ac is an innovative product that accelerates the maturation process of spots overnight, causing them to disappear quickly. Enriched with green clay, a highly absorbent mineral that absorbs excess sebum and refines skin texture, and Uriage Thermal Water, an all-natural ingredient that soothes the skin and relieves discomfort, this product provides a localized action on spots and blemishes, reducing their appearance and soothing affected skin areas. \u2013 A topical treatment that speeds up the stain removal process. \u2013 Specially formulated for oily skin &#8211; Perfect care to get rid of pimples in one move &#8211; Combines the purifying effect of rock oil and green clay<\/p>\n","protected":false},"excerpt":{"rendered":"<p>Uriage Hys\u00e9ac Intensive Night Cream for Purifying and Acne-Treating Face 15g  Uriage Hys\u00e9ac is an innovative product that accelerates the maturation process of spots overnight, causing them to disappear quickly.<\/p>\n","protected":false},"featured_media":0,"comment_status":"open","ping_status":"closed","template":"","meta":{"_acf_changed":false},"collection":[],"product_brand":[10628],"product_cat":[9746,9252,9716],"product_tag":[],"class_list":{"0":"post-205267","1":"product","2":"type-product","3":"status-publish","5":"product_brand-uriage","6":"product_cat-acne-blemish","7":"product_cat-skin-care","8":"product_cat-treatment-serums","10":"first","11":"instock","12":"sale","13":"taxable","14":"shipping-taxable","15":"purchasable","16":"product-type-simple"},"acf":[],"collections":[],"jetpack_sharing_enabled":true,"_links":{"self":[{"href":"https:\/\/gomla.sa\/en\/wp-json\/wp\/v2\/product\/205267","targetHints":{"allow":["GET"]}}],"collection":[{"href":"https:\/\/gomla.sa\/en\/wp-json\/wp\/v2\/product"}],"about":[{"href":"https:\/\/gomla.sa\/en\/wp-json\/wp\/v2\/types\/product"}],"replies":[{"embeddable":true,"href":"https:\/\/gomla.sa\/en\/wp-json\/wp\/v2\/comments?post=205267"}],"wp:attachment":[{"href":"https:\/\/gomla.sa\/en\/wp-json\/wp\/v2\/media?parent=205267"}],"wp:term":[{"taxonomy":"product_collection","embeddable":true,"href":"https:\/\/gomla.sa\/en\/wp-json\/wp\/v2\/collection?post=205267"},{"taxonomy":"product_brand","embeddable":true,"href":"https:\/\/gomla.sa\/en\/wp-json\/wp\/v2\/product_brand?post=205267"},{"taxonomy":"product_cat","embeddable":true,"href":"https:\/\/gomla.sa\/en\/wp-json\/wp\/v2\/product_cat?post=205267"},{"taxonomy":"product_tag","embeddable":true,"href":"https:\/\/gomla.sa\/en\/wp-json\/wp\/v2\/product_tag?post=205267"}],"curies":[{"name":"wp","href":"https:\/\/api.w.org\/{rel}","templated":true}]}}