{"id":167975,"date":"2025-05-06T14:49:39","date_gmt":"2025-05-06T11:49:39","guid":{"rendered":"https:\/\/gomla.sa\/product\/mustela-bebe-enfant-hydra-bebe-body-lotion-500-ml\/"},"modified":"2025-12-06T07:14:06","modified_gmt":"2025-12-06T04:14:06","slug":"mustela-bebe-enfant-hydra-bebe-body-lotion-500-ml","status":"publish","type":"product","link":"https:\/\/gomla.sa\/en\/product\/mustela-bebe-enfant-hydra-bebe-body-lotion-500-ml\/","title":{"rendered":"Mustela B\u00e9b\u00e9 Enfant Hydra B\u00e9b\u00e9 Body Lotion 500 ml"},"content":{"rendered":"<p>For gentle daily care, Mustela B\u00e9b\u00e9 Enfant Hydra B\u00e9b\u00e9 Body Lotion hydrates and soothes your baby\u2019s skin. Its lightweight texture absorbs quickly, keeping your little one\u2019s skin soft and moisturized.<\/p>\n","protected":false},"excerpt":{"rendered":"<p>Mustela B\u00e9b\u00e9 Enfant Hydra B\u00e9b\u00e9 Body Lotion, softening, non-greasy, 500 ml<\/p>\n","protected":false},"featured_media":0,"comment_status":"open","ping_status":"closed","template":"","meta":{"_acf_changed":false},"collection":[11350,11351,12275],"product_brand":[10483],"product_cat":[9758,9249,9709],"product_tag":[],"class_list":{"0":"post-167975","1":"product","2":"type-product","3":"status-publish","5":"product_collection-best-baby-products","6":"product_collection-child-care","7":"product_collection-kids-product","8":"product_brand-mustela","9":"product_cat-moisturizing","10":"product_cat-mom-baby","11":"product_cat-toiletries","13":"first","14":"outofstock","15":"sale","16":"taxable","17":"shipping-taxable","18":"purchasable","19":"product-type-simple"},"acf":[],"collections":[{"id":11350,"name":"Best baby products","slug":"best-baby-products","image":"https:\/\/gomla.sa\/wp-content\/uploads\/2025\/05\/\u0623\u0641\u0636\u0644-\u0645\u0646\u062a\u062c\u0627\u062a-\u0627\u0644\u0623\u0637\u0641\u0627\u0644-1-300x300.jpg"},{"id":11351,"name":"Child Care","slug":"child-care","image":"https:\/\/gomla.sa\/wp-content\/uploads\/2025\/05\/\u0627\u0644\u0639\u0646\u0627\u064a\u0629-\u0628\u0627\u0644\u0637\u0641\u0644-300x300.jpg"},{"id":12275,"name":"KID'S PRODUCT","slug":"kids-product","image":"https:\/\/gomla.sa\/wp-content\/uploads\/2025\/07\/Kids-Product-300x300.jpg"}],"jetpack_sharing_enabled":true,"_links":{"self":[{"href":"https:\/\/gomla.sa\/en\/wp-json\/wp\/v2\/product\/167975","targetHints":{"allow":["GET"]}}],"collection":[{"href":"https:\/\/gomla.sa\/en\/wp-json\/wp\/v2\/product"}],"about":[{"href":"https:\/\/gomla.sa\/en\/wp-json\/wp\/v2\/types\/product"}],"replies":[{"embeddable":true,"href":"https:\/\/gomla.sa\/en\/wp-json\/wp\/v2\/comments?post=167975"}],"wp:attachment":[{"href":"https:\/\/gomla.sa\/en\/wp-json\/wp\/v2\/media?parent=167975"}],"wp:term":[{"taxonomy":"product_collection","embeddable":true,"href":"https:\/\/gomla.sa\/en\/wp-json\/wp\/v2\/collection?post=167975"},{"taxonomy":"product_brand","embeddable":true,"href":"https:\/\/gomla.sa\/en\/wp-json\/wp\/v2\/product_brand?post=167975"},{"taxonomy":"product_cat","embeddable":true,"href":"https:\/\/gomla.sa\/en\/wp-json\/wp\/v2\/product_cat?post=167975"},{"taxonomy":"product_tag","embeddable":true,"href":"https:\/\/gomla.sa\/en\/wp-json\/wp\/v2\/product_tag?post=167975"}],"curies":[{"name":"wp","href":"https:\/\/api.w.org\/{rel}","templated":true}]}}