{"id":153911,"date":"2025-04-30T15:31:29","date_gmt":"2025-04-30T12:31:29","guid":{"rendered":"https:\/\/gomla.sa\/product\/loreal-paris-excellence-creme-hair-color-4-1-profound-brown-72ml\/"},"modified":"2026-03-31T16:20:18","modified_gmt":"2026-03-31T13:20:18","slug":"loreal-paris-excellence-creme-hair-color-4-1-profound-brown-72ml","status":"publish","type":"product","link":"https:\/\/gomla.sa\/en\/product\/loreal-paris-excellence-creme-hair-color-4-1-profound-brown-72ml\/","title":{"rendered":"L&#8217;Or\u00e9al Excellence Cr\u00e8me 4.1 Profound Brown Hair Color 72ml"},"content":{"rendered":"<p>Achieve a cool, sophisticated look! L&#8217;Or\u00e9al Paris Excellence Cr\u00e8me Hair Color 4.1 offers a stunning ash brown shade with 100% gray coverage. Its caring formula nourishes and strengthens your hair, ensuring long-lasting color with a silky finish.<\/p>\n","protected":false},"excerpt":{"rendered":"<p>L&#8217;Or\u00e9al Excellence Cr\u00e8me 4.1 Profound Brown Hair Color, radiant shade, glossy texture, long lasting, 72ml<\/p>\n","protected":false},"featured_media":0,"comment_status":"open","ping_status":"closed","template":"","meta":{"_acf_changed":false},"collection":[11426,11354],"product_brand":[10455],"product_cat":[9247,9388,9725],"product_tag":[],"class_list":{"0":"post-153911","1":"product","2":"type-product","3":"status-publish","5":"product_collection-new-hair-colors","6":"product_collection-skin-hair-care","7":"product_brand-loreal","8":"product_cat-hair-care-styling","9":"product_cat-hair-color","10":"product_cat-womens-hair-color","12":"first","13":"instock","14":"sale","15":"taxable","16":"shipping-taxable","17":"purchasable","18":"product-type-simple"},"acf":[],"collections":[{"id":11426,"name":"New hair colors","slug":"new-hair-colors","image":"https:\/\/gomla.sa\/wp-content\/uploads\/2025\/05\/\u0623\u0644\u0648\u0627\u0646-\u062c\u062f\u064a\u062f\u0629-\u0641\u064a-\u0639\u0627\u0644\u0645-\u0627\u0644\u0635\u0628\u063a\u0627\u062a-2-300x300.jpg"},{"id":11354,"name":"Skin &amp; Hair Care","slug":"skin-hair-care","image":"https:\/\/gomla.sa\/wp-content\/uploads\/2025\/05\/\u0627\u0644\u0639\u0646\u0627\u064a\u0629-\u0628\u0627\u0644\u0628\u0634\u0631\u0629-\u0648\u0627\u0644\u0634\u0639\u0631-300x300.jpg"}],"jetpack_sharing_enabled":true,"_links":{"self":[{"href":"https:\/\/gomla.sa\/en\/wp-json\/wp\/v2\/product\/153911","targetHints":{"allow":["GET"]}}],"collection":[{"href":"https:\/\/gomla.sa\/en\/wp-json\/wp\/v2\/product"}],"about":[{"href":"https:\/\/gomla.sa\/en\/wp-json\/wp\/v2\/types\/product"}],"replies":[{"embeddable":true,"href":"https:\/\/gomla.sa\/en\/wp-json\/wp\/v2\/comments?post=153911"}],"wp:attachment":[{"href":"https:\/\/gomla.sa\/en\/wp-json\/wp\/v2\/media?parent=153911"}],"wp:term":[{"taxonomy":"product_collection","embeddable":true,"href":"https:\/\/gomla.sa\/en\/wp-json\/wp\/v2\/collection?post=153911"},{"taxonomy":"product_brand","embeddable":true,"href":"https:\/\/gomla.sa\/en\/wp-json\/wp\/v2\/product_brand?post=153911"},{"taxonomy":"product_cat","embeddable":true,"href":"https:\/\/gomla.sa\/en\/wp-json\/wp\/v2\/product_cat?post=153911"},{"taxonomy":"product_tag","embeddable":true,"href":"https:\/\/gomla.sa\/en\/wp-json\/wp\/v2\/product_tag?post=153911"}],"curies":[{"name":"wp","href":"https:\/\/api.w.org\/{rel}","templated":true}]}}